{"id":38180,"date":"2025-11-11T09:08:53","date_gmt":"2025-11-11T09:08:53","guid":{"rendered":"https:\/\/newelfinsvi.gbsweb.online\/product\/etiquette-adhesive-symbole-s46-02046t\/"},"modified":"2026-03-17T19:10:36","modified_gmt":"2026-03-17T19:10:36","slug":"etiquette-adhesive-symbole-s46-02046t","status":"publish","type":"product","link":"https:\/\/newelfin.com\/fr\/produit\/etiquette-adhesive-symbole-s46-02046t\/","title":{"rendered":"\u00c9tiquette adh\u00e9sive, symbole S46"},"content":{"rendered":"","protected":false},"excerpt":{"rendered":"","protected":false},"featured_media":0,"template":"","meta":{"_acf_changed":false,"inline_featured_image":false},"product_brand":[],"product_cat":[8074],"product_tag":[],"class_list":{"0":"post-38180","1":"product","2":"type-product","3":"status-publish","5":"product_cat-accessoires-d22","7":"first","8":"instock","9":"shipping-taxable","10":"product-type-simple"},"acf":[],"yoast_head":"<!-- This site is optimized with the Yoast SEO plugin v26.5 - https:\/\/yoast.com\/wordpress\/plugins\/seo\/ -->\n<title>02046T - \u00c9tiquette adh\u00e9sive, symbole S46 - New Elfin<\/title>\n<meta name=\"description\" content=\"\u00c9tiquette adh\u00e9sive, symbole S46 - Cod: 02046T. Technical data and product details on New Elfin.\" \/>\n<meta name=\"robots\" content=\"index, follow, max-snippet:-1, max-image-preview:large, max-video-preview:-1\" \/>\n<link rel=\"canonical\" href=\"https:\/\/newelfin.com\/fr\/produit\/etiquette-adhesive-symbole-s46-02046t\/\" \/>\n<meta property=\"og:locale\" content=\"fr_FR\" \/>\n<meta property=\"og:type\" content=\"article\" \/>\n<meta property=\"og:title\" content=\"02046T - \u00c9tiquette adh\u00e9sive, symbole S46 - New Elfin\" \/>\n<meta property=\"og:description\" content=\"\u00c9tiquette adh\u00e9sive, symbole S46 - Cod: 02046T. Technical data and product details on New Elfin.\" \/>\n<meta property=\"og:url\" content=\"https:\/\/newelfin.com\/fr\/produit\/etiquette-adhesive-symbole-s46-02046t\/\" \/>\n<meta property=\"og:site_name\" content=\"New Elfin\" \/>\n<meta property=\"article:publisher\" content=\"https:\/\/www.facebook.com\/profile.php?id=100063680646472\" \/>\n<meta property=\"article:modified_time\" content=\"2026-03-17T19:10:36+00:00\" \/>\n<meta name=\"twitter:card\" content=\"summary_large_image\" \/>\n<script type=\"application\/ld+json\" class=\"yoast-schema-graph\">{\"@context\":\"https:\/\/schema.org\",\"@graph\":[{\"@type\":\"WebPage\",\"@id\":\"https:\/\/newelfin.com\/fr\/produit\/etiquette-adhesive-symbole-s46-02046t\/\",\"url\":\"https:\/\/newelfin.com\/fr\/produit\/etiquette-adhesive-symbole-s46-02046t\/\",\"name\":\"02046T - \u00c9tiquette adh\u00e9sive, symbole S46 - New Elfin\",\"isPartOf\":{\"@id\":\"https:\/\/newelfin.com\/fr\/#website\"},\"datePublished\":\"2025-11-11T09:08:53+00:00\",\"dateModified\":\"2026-03-17T19:10:36+00:00\",\"description\":\"\u00c9tiquette adh\u00e9sive, symbole S46 - Cod: 02046T. Technical data and product details on New Elfin.\",\"breadcrumb\":{\"@id\":\"https:\/\/newelfin.com\/fr\/produit\/etiquette-adhesive-symbole-s46-02046t\/#breadcrumb\"},\"inLanguage\":\"fr-FR\",\"potentialAction\":[{\"@type\":\"ReadAction\",\"target\":[\"https:\/\/newelfin.com\/fr\/produit\/etiquette-adhesive-symbole-s46-02046t\/\"]}]},{\"@type\":\"BreadcrumbList\",\"@id\":\"https:\/\/newelfin.com\/fr\/produit\/etiquette-adhesive-symbole-s46-02046t\/#breadcrumb\",\"itemListElement\":[{\"@type\":\"ListItem\",\"position\":1,\"name\":\"Home\",\"item\":\"https:\/\/newelfin.com\/fr\/\"},{\"@type\":\"ListItem\",\"position\":2,\"name\":\"Produits\",\"item\":\"https:\/\/newelfin.com\/fr\/produits\/\"},{\"@type\":\"ListItem\",\"position\":3,\"name\":\"\u00c9tiquette adh\u00e9sive, symbole S46\"}]},{\"@type\":\"WebSite\",\"@id\":\"https:\/\/newelfin.com\/fr\/#website\",\"url\":\"https:\/\/newelfin.com\/fr\/\",\"name\":\"New Elfin\",\"description\":\"\",\"publisher\":{\"@id\":\"https:\/\/newelfin.com\/fr\/#organization\"},\"alternateName\":\"New Elfin\",\"potentialAction\":[{\"@type\":\"SearchAction\",\"target\":{\"@type\":\"EntryPoint\",\"urlTemplate\":\"https:\/\/newelfin.com\/fr\/?s={search_term_string}\"},\"query-input\":{\"@type\":\"PropertyValueSpecification\",\"valueRequired\":true,\"valueName\":\"search_term_string\"}}],\"inLanguage\":\"fr-FR\"},{\"@type\":\"Organization\",\"@id\":\"https:\/\/newelfin.com\/fr\/#organization\",\"name\":\"New Elfin\",\"alternateName\":\"New Elfin\",\"url\":\"https:\/\/newelfin.com\/fr\/\",\"logo\":{\"@type\":\"ImageObject\",\"inLanguage\":\"fr-FR\",\"@id\":\"https:\/\/newelfin.com\/fr\/#\/schema\/logo\/image\/\",\"url\":\"https:\/\/newelfin.com\/wp-content\/uploads\/2025\/11\/newelfin-organization-logo-696px.png\",\"contentUrl\":\"https:\/\/newelfin.com\/wp-content\/uploads\/2025\/11\/newelfin-organization-logo-696px.png\",\"width\":696,\"height\":696,\"caption\":\"New Elfin\"},\"image\":{\"@id\":\"https:\/\/newelfin.com\/fr\/#\/schema\/logo\/image\/\"},\"sameAs\":[\"https:\/\/www.facebook.com\/profile.php?id=100063680646472\",\"https:\/\/www.instagram.com\/newelfin\/\",\"https:\/\/www.youtube.com\/channel\/UCturF9YDzaXOYhmGVvjQRVQ\"]}]}<\/script>\n<!-- \/ Yoast SEO plugin. -->","yoast_head_json":{"title":"02046T - \u00c9tiquette adh\u00e9sive, symbole S46 - New Elfin","description":"\u00c9tiquette adh\u00e9sive, symbole S46 - Cod: 02046T. Technical data and product details on New Elfin.","robots":{"index":"index","follow":"follow","max-snippet":"max-snippet:-1","max-image-preview":"max-image-preview:large","max-video-preview":"max-video-preview:-1"},"canonical":"https:\/\/newelfin.com\/fr\/produit\/etiquette-adhesive-symbole-s46-02046t\/","og_locale":"fr_FR","og_type":"article","og_title":"02046T - \u00c9tiquette adh\u00e9sive, symbole S46 - New Elfin","og_description":"\u00c9tiquette adh\u00e9sive, symbole S46 - Cod: 02046T. Technical data and product details on New Elfin.","og_url":"https:\/\/newelfin.com\/fr\/produit\/etiquette-adhesive-symbole-s46-02046t\/","og_site_name":"New Elfin","article_publisher":"https:\/\/www.facebook.com\/profile.php?id=100063680646472","article_modified_time":"2026-03-17T19:10:36+00:00","twitter_card":"summary_large_image","schema":{"@context":"https:\/\/schema.org","@graph":[{"@type":"WebPage","@id":"https:\/\/newelfin.com\/fr\/produit\/etiquette-adhesive-symbole-s46-02046t\/","url":"https:\/\/newelfin.com\/fr\/produit\/etiquette-adhesive-symbole-s46-02046t\/","name":"02046T - \u00c9tiquette adh\u00e9sive, symbole S46 - New Elfin","isPartOf":{"@id":"https:\/\/newelfin.com\/fr\/#website"},"datePublished":"2025-11-11T09:08:53+00:00","dateModified":"2026-03-17T19:10:36+00:00","description":"\u00c9tiquette adh\u00e9sive, symbole S46 - Cod: 02046T. Technical data and product details on New Elfin.","breadcrumb":{"@id":"https:\/\/newelfin.com\/fr\/produit\/etiquette-adhesive-symbole-s46-02046t\/#breadcrumb"},"inLanguage":"fr-FR","potentialAction":[{"@type":"ReadAction","target":["https:\/\/newelfin.com\/fr\/produit\/etiquette-adhesive-symbole-s46-02046t\/"]}]},{"@type":"BreadcrumbList","@id":"https:\/\/newelfin.com\/fr\/produit\/etiquette-adhesive-symbole-s46-02046t\/#breadcrumb","itemListElement":[{"@type":"ListItem","position":1,"name":"Home","item":"https:\/\/newelfin.com\/fr\/"},{"@type":"ListItem","position":2,"name":"Produits","item":"https:\/\/newelfin.com\/fr\/produits\/"},{"@type":"ListItem","position":3,"name":"\u00c9tiquette adh\u00e9sive, symbole S46"}]},{"@type":"WebSite","@id":"https:\/\/newelfin.com\/fr\/#website","url":"https:\/\/newelfin.com\/fr\/","name":"New Elfin","description":"","publisher":{"@id":"https:\/\/newelfin.com\/fr\/#organization"},"alternateName":"New Elfin","potentialAction":[{"@type":"SearchAction","target":{"@type":"EntryPoint","urlTemplate":"https:\/\/newelfin.com\/fr\/?s={search_term_string}"},"query-input":{"@type":"PropertyValueSpecification","valueRequired":true,"valueName":"search_term_string"}}],"inLanguage":"fr-FR"},{"@type":"Organization","@id":"https:\/\/newelfin.com\/fr\/#organization","name":"New Elfin","alternateName":"New Elfin","url":"https:\/\/newelfin.com\/fr\/","logo":{"@type":"ImageObject","inLanguage":"fr-FR","@id":"https:\/\/newelfin.com\/fr\/#\/schema\/logo\/image\/","url":"https:\/\/newelfin.com\/wp-content\/uploads\/2025\/11\/newelfin-organization-logo-696px.png","contentUrl":"https:\/\/newelfin.com\/wp-content\/uploads\/2025\/11\/newelfin-organization-logo-696px.png","width":696,"height":696,"caption":"New Elfin"},"image":{"@id":"https:\/\/newelfin.com\/fr\/#\/schema\/logo\/image\/"},"sameAs":["https:\/\/www.facebook.com\/profile.php?id=100063680646472","https:\/\/www.instagram.com\/newelfin\/","https:\/\/www.youtube.com\/channel\/UCturF9YDzaXOYhmGVvjQRVQ"]}]}},"_links":{"self":[{"href":"https:\/\/newelfin.com\/fr\/wp-json\/wp\/v2\/product\/38180","targetHints":{"allow":["GET"]}}],"collection":[{"href":"https:\/\/newelfin.com\/fr\/wp-json\/wp\/v2\/product"}],"about":[{"href":"https:\/\/newelfin.com\/fr\/wp-json\/wp\/v2\/types\/product"}],"wp:attachment":[{"href":"https:\/\/newelfin.com\/fr\/wp-json\/wp\/v2\/media?parent=38180"}],"wp:term":[{"taxonomy":"product_brand","embeddable":true,"href":"https:\/\/newelfin.com\/fr\/wp-json\/wp\/v2\/product_brand?post=38180"},{"taxonomy":"product_cat","embeddable":true,"href":"https:\/\/newelfin.com\/fr\/wp-json\/wp\/v2\/product_cat?post=38180"},{"taxonomy":"product_tag","embeddable":true,"href":"https:\/\/newelfin.com\/fr\/wp-json\/wp\/v2\/product_tag?post=38180"}],"curies":[{"name":"wp","href":"https:\/\/api.w.org\/{rel}","templated":true}]}}